{"id":25,"date":"2013-11-16T00:00:00","date_gmt":"2013-11-16T00:00:00","guid":{"rendered":"http:\/\/viisari.cafe\/index.php\/getting-started\/"},"modified":"2019-04-03T10:19:18","modified_gmt":"2019-04-03T07:19:18","slug":"getting-started","status":"publish","type":"page","link":"https:\/\/viisari.cafe\/","title":{"rendered":"Etusivu"},"content":{"rendered":"<h2>Est.<\/h2>\n<p><img decoding=\"async\" src=\"wp-content\/uploads\/home-hero-type.svg\" alt=\"\"><\/p>\n<h2>2010<\/h2>\n<p><img decoding=\"async\" src=\"wp-content\/uploads\/logo-cafeviisari_tausta_isomp.png\" alt=\"\"><\/p>\n<h2>150 paikkainen lounasravintola<\/h2>\n<h2>Caf\u00e9 Viisari on 150 paikkainen lounasravintola.<\/h2>\n<div>\n<p>Kes\u00e4ll\u00e4 k\u00e4yt\u00f6ss\u00e4si on my\u00f6s 30 paikkainen aurinkoinen terassi.<\/p>\n<p>Lounasbuffet on katettu klo arkisin 10.30 &#8211; 14.00 ja lauantaisin klo 11.00 &#8211; 14.00. Klo 14.00 &#8211; 14.10 myymme loput ruoat buffetista take a way annoksina 5e \/ 0,75l rasia. Tarjolla on p\u00e4iv\u00e4n keitto, runsas salaattip\u00f6yt\u00e4, kaksi l\u00e4mmint\u00e4 ruokaa lisukkeineen, maito, piim\u00e4, kotikalja, mehu, tuore itseleivottu leip\u00e4 sek\u00e4 j\u00e4lkiruoka ja kahvi.<\/p>\n<p>Jos kahvihammasta kolottaa niin kahviostamme l\u00f6yd\u00e4t helpotuksen suolaisen tai makean n\u00e4lk\u00e4\u00e4n. Tarjolla my\u00f6s makeisia, virvokkeita, erikoiskahveja sek\u00e4 j\u00e4\u00e4tel\u00f6\u00e4.<\/p>\n<p>Voit my\u00f6s tilata tarjoilut tilaisuuteesi. Valmistamme ammattitaidolla toivomasi tarjoilut niin isoihin kuin pienempiinkin tilaisuuksiin. Ravintola on varattavissa yksityistilaisuuteesi &#8211; Hyv\u00e4n olon aamiaiskokous tai maistuva illallinen isommallekkin porukalle. Kysy lis\u00e4\u00e4! Pihalta l\u00f6ytyy runsaasti maksutonta parkkitilaa ja sateen sattuessa voit kurvata parkkihalliin &#8211; sekin on maksuton. L\u00f6yd\u00e4t meid\u00e4t kauppakeskus Viisarin alakerrasta &#8211; syd\u00e4mellisesti tervetuloa!<\/p>\n<\/div>\n<div>\n<p><span class=\"uk-heading-divider\">10.30 &#8211; 14.15<\/span><\/p>\n<\/div>\n<h2>Lounas<\/h2>\n<div>\n<div>\u00a0<\/div>\n<div>Kotiruokalounas tarjolla noutop\u00f6yd\u00e4st\u00e4 arkisin klo 10.30-14.15 ja lauantaisin klo 11-14.15.<\/div>\n<div>\u00a0<\/div>\n<div>Lounas noutop\u00f6yd\u00e4st\u00e4 sis\u00e4lt\u00e4\u00e4 keiton, kaksi l\u00e4mmint\u00e4 ruokaa lisukkeineen, runsaan salaattip\u00f6yd\u00e4n, itse leivotun leiv\u00e4n, ruokajuomat sek\u00e4 j\u00e4lkiruoan\u00a0ja kahvin tai haudutetun teen.<\/div>\n<div>\u00a0<\/div>\n<div>Keittolounas sis\u00e4lt\u00e4\u00e4 p\u00e4iv\u00e4n\u00a0keiton, runsaan salaattip\u00f6yd\u00e4n, itse leivotun leiv\u00e4n, ruokajuomat sek\u00e4 j\u00e4lkiruoan ja kahvin tai haudutetun teen.<\/div>\n<div>\u00a0<\/div>\n<div>Salaattilounas sis\u00e4lt\u00e4\u00e4 runsaan salaattip\u00f6yd\u00e4n,\u00a0itse leivotun leiv\u00e4n, ruokajuomat sek\u00e4 j\u00e4lkiruoan ja kahvin tai haudutetun teen.<\/div>\n<div>\u00a0<\/div>\n<div>Lounaspassilla joka kymmes lounas maksutta.<\/div>\n<div>\u00a0<\/div>\n<div>Kysy edullista lounassopimus yrityksellesi!<\/div>\n<div>\u00a0<\/div>\n<\/div>\n<p>\n    <a href=\"index.php\/?page_id=28\">Katso lounaslista<\/a>\n<\/p>\n<div>\n<p><span class=\"uk-heading-divider\">Caf\u00e9 Viisari<\/span><\/p>\n<\/div>\n<h2>Hinnat<\/h2>\n<ul>\n<li>\n<h3>Lounasbuffet<\/h3>\n<p>9.90\u20ac<\/p>\n<\/li>\n<li>\n<h3>Keittolounas<\/h3>\n<p>8.80\u20ac<\/p>\n<\/li>\n<li>\n<h3>Salaattilounas<\/h3>\n<p>8.30\u20ac<\/p>\n<\/li>\n<li>\n<h3>Take away<\/h3>\n<p>14,90\u20ac \/ kg<\/p>\n<\/li>\n<li>\n<h3>Lapset 0-3v maksutta aikuisen ruokaillessa, 4-10v<\/h3>\n<p>4.90\u20ac<\/p>\n<\/li>\n<\/ul>\n<h2>Maksutavat<\/h2>\n<ul>\n<li>\n<div>\n<div>K\u00e4teinen<\/div>\n<\/div>\n<\/li>\n<li>\n<div>\n<div>Yleisimm\u00e4t maksukortit<\/div>\n<\/div>\n<\/li>\n<li>\n<div>\n<div>Lounasseteli<\/div>\n<\/div>\n<\/li>\n<li>\n<div>\n<div>Smartum<\/div>\n<\/div>\n<\/li>\n<li>\n<div>\n<div>Eazybreak<\/div>\n<\/div>\n<\/li>\n<li>\n<div>\n<p>Ruokaile edullisesti Caf\u00e9 Viisarin lounaskupongeilla. Kymmenen kappaleen nippu 87\u20ac.<\/p>\n<\/div>\n<\/li>\n<\/ul>\n<h2>Laatu<\/h2>\n<div>\n<p>Pyrimme toimimaan vastuullisesti ja k\u00e4ytt\u00e4m\u00e4\u00e4n mahdollisuuksien mukaan kotimaisia raaka-aineita, v\u00e4hent\u00e4m\u00e4\u00e4n h\u00e4vikki\u00e4 sek\u00e4 huomioimaan ymp\u00e4rist\u00f6asiat toiminnassamme.<\/p>\n<\/div>\n<h3>Puhelin<\/h3>\n<div><a class=\"uk-link-reset\" href=\"tel:044 0544 425\">044 0544 425<\/a><\/div>\n<h3>S\u00e4hk\u00f6posti<\/h3>\n<div><a class=\"uk-link-reset\" \"mailto:info@cafeviisari.fi\">info@cafeviisari.fi<\/a><\/div>\n<div>\n<p>Caf\u00e9 Viisari<br \/>Martinkyl\u00e4ntie 47 <br \/>01720 Vantaa<\/p>\n<\/div>\n<div>\n<h3> Caf\u00e9 Viisari<\/h3>\n<div>\n<p>Martinkyl\u00e4ntie 47<br \/>01720 Vantaa<\/p>\n<p><a href=\"mailto:info@cafeviisari.fi\">info@cafeviisari.fi<\/a><br \/>044 0544 425<\/p>\n<\/div>\n<p>60.2783,24.8214<\/p>\n<\/div>\n<p>\n    <a href=\"https:\/\/www.facebook.com\/CafeViisari\/\">Seuraa meit\u00e4 Facebookissa<\/a>\n<\/p>\n<p><!-- {\"name\":\"Home\",\"type\":\"layout\",\"children\":[{\"name\":\"Hero\",\"type\":\"section\",\"props\":{\"width\":\"default\",\"padding\":\"\",\"style\":\"default\",\"text_color\":\"light\",\"media\":\"images\\\/home-header.jpg\",\"height_viewport\":true,\"header_overlay\":\"light\",\"image\":\"wp-content\\\/uploads\\\/27.jpg\",\"media_advanced\":true,\"image_size\":\"cover\",\"media_background\":\"#fff\",\"media_overlay\":\"rgba(0, 0, 0, 0.14)\",\"height\":\"full\",\"animation\":\"slide-bottom-small\",\"header_transparent\":\"\",\"image_position\":\"center-center\",\"vertical_align\":\"middle\",\"title_position\":\"top-left\",\"title_rotation\":\"left\",\"title_breakpoint\":\"xl\",\"image_width\":\"1920\",\"image_effect\":\"\",\"width_expand\":\"\"},\"children\":[{\"name\":\"\",\"type\":\"row\",\"props\":{\"fixed_width\":\"auto\",\"breakpoint\":\"\",\"layout\":\",fixed,\",\"vertical_align\":true,\"gutter\":\"medium\",\"margin\":\"\"},\"children\":[{\"name\":\"\",\"type\":\"column\",\"props\":{\"image_position\":\"center-center\",\"widths\":[\"\"],\"vertical_align\":\"middle\",\"media_overlay_gradient\":\"\"},\"children\":[{\"name\":\"\",\"type\":\"headline\",\"props\":{\"title_element\":\"h2\",\"title_style\":\"h5\",\"content\":\"Est.\",\"text_align\":\"right\",\"css\":\".el-element { letter-spacing: 4px; }\",\"animation\":\"\"}}]},{\"name\":\"\",\"type\":\"column\",\"props\":{\"image_position\":\"center-center\",\"widths\":[\"fixed\"],\"image\":\"\",\"vertical_align\":\"middle\",\"media_overlay_gradient\":\"\"},\"children\":[{\"name\":\"\",\"type\":\"image\",\"props\":{\"margin\":\"default\",\"image\":\"wp-content\\\/uploads\\\/home-hero-type.svg\",\"text_align\":\"center\",\"image_width\":\"66\",\"image_height\":\"40\",\"animation\":\"\",\"image_svg_color\":\"emphasis\"}}]},{\"name\":\"\",\"type\":\"column\",\"props\":{\"image_position\":\"center-center\",\"widths\":[\"\"],\"vertical_align\":\"middle\",\"media_overlay_gradient\":\"\"},\"children\":[{\"name\":\"\",\"type\":\"headline\",\"props\":{\"title_element\":\"h2\",\"title_style\":\"h5\",\"content\":\"2010\",\"text_align\":\"left\",\"css\":\".el-element { letter-spacing: 4px; }\",\"animation\":\"\"}}]}]},{\"name\":\"\",\"type\":\"row\",\"props\":{\"fixed_width\":\"large\",\"breakpoint\":\"m\",\"layout\":\"1-1\",\"margin\":\"default\"},\"children\":[{\"name\":\"\",\"type\":\"column\",\"props\":{\"widths\":[\"1-1\"],\"image_position\":\"center-center\",\"media_overlay_gradient\":\"\"},\"children\":[{\"type\":\"image\",\"props\":{\"margin\":\"default\",\"image_svg_color\":\"emphasis\",\"link_target\":\"\",\"image_border\":\"\",\"image_box_shadow\":\"\",\"image_hover_box_shadow\":\"\",\"image_box_decoration\":\"\",\"text_align\":\"center\",\"text_align_breakpoint\":\"\",\"text_align_fallback\":\"\",\"maxwidth\":\"\",\"maxwidth_align\":\"\",\"maxwidth_breakpoint\":\"\",\"animation\":\"\",\"visibility\":\"\",\"image\":\"wp-content\\\/uploads\\\/logo-cafeviisari_tausta_isomp.png\",\"image_width\":\"1000\"}},{\"name\":\"\",\"type\":\"headline\",\"props\":{\"title_element\":\"h2\",\"title_style\":\"h5\",\"text_align\":\"center\",\"content\":\"150 paikkainen lounasravintola\",\"margin\":\"default\",\"css\":\".el-element { letter-spacing: 4px; }\",\"animation\":\"slide-top-small\"}}]}]}]},{\"name\":\"Intro\",\"type\":\"section\",\"props\":{\"style\":\"default\",\"width\":\"default\",\"image_position\":\"bottom-right\",\"padding\":\"xlarge\",\"animation\":\"fade\",\"animation_delay\":false,\"image\":\"wp-content\\\/uploads\\\/home-intro-bg.svg\",\"vertical_align\":\"middle\",\"title_position\":\"top-left\",\"title_rotation\":\"left\",\"title_breakpoint\":\"xl\",\"image_effect\":\"\"},\"children\":[{\"name\":\"\",\"type\":\"row\",\"props\":{\"fixed_width\":\"large\",\"breakpoint\":\"m\",\"layout\":\",\",\"gutter\":\"large\"},\"children\":[{\"name\":\"\",\"type\":\"column\",\"props\":{\"widths\":[\"\"],\"image_position\":\"center-center\",\"media_overlay_gradient\":\"\"},\"children\":[{\"name\":\"\",\"type\":\"headline\",\"props\":{\"title_element\":\"h2\",\"content\":\"Caf\\u00e9 Viisari on 150 paikkainen lounasravintola.\",\"title_style\":\"heading-primary\",\"maxwidth\":\"xlarge\",\"title_decoration\":\"\",\"animation\":\"\",\"title_color\":\"\",\"text_align\":\"\",\"text_align_breakpoint\":\"\",\"text_align_fallback\":\"\",\"maxwidth_align\":\"\",\"maxwidth_breakpoint\":\"\",\"margin\":\"\",\"visibility\":\"\"}}]},{\"name\":\"\",\"type\":\"column\",\"props\":{\"widths\":[\"\"],\"image_position\":\"center-center\",\"media_overlay_gradient\":\"\"},\"children\":[{\"name\":\"\",\"type\":\"text\",\"props\":{\"column_breakpoint\":\"m\",\"margin\":\"medium\",\"content\":\"\n\n<p>Kes\\u00e4ll\\u00e4 k\\u00e4yt\\u00f6ss\\u00e4si on my\\u00f6s 30 paikkainen aurinkoinen terassi.<\\\/p>\\n\n\n<p>Lounasbuffet on katettu klo arkisin 10.30 - 14.00 ja lauantaisin klo 11.00 - 14.00. Klo 14.00 - 14.10 myymme loput ruoat buffetista take a way annoksina 5e \\\/ 0,75l rasia. Tarjolla on p\\u00e4iv\\u00e4n keitto, runsas salaattip\\u00f6yt\\u00e4, kaksi l\\u00e4mmint\\u00e4 ruokaa lisukkeineen, maito, piim\\u00e4, kotikalja, mehu, tuore itseleivottu leip\\u00e4 sek\\u00e4 j\\u00e4lkiruoka ja kahvi.<\\\/p>\\n\n\n<p>Jos kahvihammasta kolottaa niin kahviostamme l\\u00f6yd\\u00e4t helpotuksen suolaisen tai makean n\\u00e4lk\\u00e4\\u00e4n. Tarjolla my\\u00f6s makeisia, virvokkeita, erikoiskahveja sek\\u00e4 j\\u00e4\\u00e4tel\\u00f6\\u00e4.<\\\/p>\\n\n\n<p>Voit my\\u00f6s tilata tarjoilut tilaisuuteesi. Valmistamme ammattitaidolla toivomasi tarjoilut niin isoihin kuin pienempiinkin tilaisuuksiin. Ravintola on varattavissa yksityistilaisuuteesi - Hyv\\u00e4n olon aamiaiskokous tai maistuva illallinen isommallekkin porukalle. Kysy lis\\u00e4\\u00e4! Pihalta l\\u00f6ytyy runsaasti maksutonta parkkitilaa ja sateen sattuessa voit kurvata parkkihalliin - sekin on maksuton. L\\u00f6yd\\u00e4t meid\\u00e4t kauppakeskus Viisarin alakerrasta - syd\\u00e4mellisesti tervetuloa!<\\\/p>\",\"text_style\":\"lead\",\"animation\":\"\",\"text_color\":\"\",\"text_size\":\"\",\"column\":\"\",\"text_align\":\"\",\"text_align_breakpoint\":\"\",\"text_align_fallback\":\"\",\"maxwidth\":\"\",\"maxwidth_align\":\"\",\"maxwidth_breakpoint\":\"\",\"visibility\":\"\"}}]}]}]},{\"name\":\"Image\",\"type\":\"section\",\"props\":{\"style\":\"default\",\"width\":\"default\",\"image_position\":\"center-center\",\"image\":\"wp-content\\\/uploads\\\/58_muok.jpg\",\"image_size\":\"cover\",\"image_fixed\":true,\"height\":\"\",\"css\":\".el-section > [class*='uk-background-'] { min-height: 50vh; }\",\"vertical_align\":\"middle\",\"title_position\":\"top-left\",\"title_rotation\":\"left\",\"title_breakpoint\":\"xl\",\"image_width\":\"1920\",\"image_effect\":\"fixed\",\"text_color\":\"\",\"width_expand\":\"\",\"padding\":\"\",\"header_transparent\":\"\",\"animation\":\"\"},\"children\":[{\"name\":\"\",\"type\":\"row\",\"props\":{\"fixed_width\":\"large\",\"breakpoint\":\"m\",\"layout\":\"1-1\"},\"children\":[{\"name\":\"\",\"type\":\"column\",\"props\":{\"widths\":[\"1-1\"],\"image_position\":\"center-center\",\"media_overlay_gradient\":\"\"}}]}]},{\"name\":\"Menu\",\"type\":\"section\",\"props\":{\"style\":\"default\",\"width\":\"default\",\"image_position\":\"bottom-left\",\"padding\":\"large\",\"animation\":\"fade\",\"animation_delay\":false,\"image\":\"wp-content\\\/uploads\\\/home-menu-bg.svg\",\"image_visibility\":\"l\",\"vertical_align\":\"middle\",\"title_position\":\"top-left\",\"title_rotation\":\"left\",\"title_breakpoint\":\"xl\",\"image_effect\":\"\"},\"children\":[{\"name\":\"\",\"type\":\"row\",\"props\":{\"fixed_width\":\"large\",\"breakpoint\":\"m\",\"layout\":\",\",\"gutter\":\"large\"},\"children\":[{\"name\":\"\",\"type\":\"column\",\"props\":{\"widths\":[\"\"],\"image_position\":\"center-center\",\"media_overlay_gradient\":\"\"},\"children\":[{\"name\":\"\",\"type\":\"text\",\"props\":{\"column_breakpoint\":\"m\",\"margin\":\"default\",\"content\":\"\n\n<p><span class=\\\"uk-heading-divider\\\">10.30 - 14.15<\\\/span><\\\/p>\",\"text_align\":\"center\",\"text_size\":\"small\"}},{\"name\":\"\",\"type\":\"headline\",\"props\":{\"title_element\":\"h2\",\"content\":\"Lounas\",\"title_style\":\"h1\",\"text_align\":\"center\"}},{\"name\":\"\",\"type\":\"text\",\"props\":{\"margin\":\"default\",\"column_breakpoint\":\"m\",\"content\":\"\n\n<div>\\u00a0<\\\/div>\\n\n\n<div>Kotiruokalounas tarjolla noutop\\u00f6yd\\u00e4st\\u00e4 arkisin klo 10.30-14.15 ja lauantaisin klo 11-14.15.<\\\/div>\\n\n\n<div>\\u00a0<\\\/div>\\n\n\n<div>Lounas noutop\\u00f6yd\\u00e4st\\u00e4 sis\\u00e4lt\\u00e4\\u00e4 keiton, kaksi l\\u00e4mmint\\u00e4 ruokaa lisukkeineen, runsaan salaattip\\u00f6yd\\u00e4n, itse leivotun leiv\\u00e4n, ruokajuomat sek\\u00e4 j\\u00e4lkiruoan\\u00a0ja kahvin tai haudutetun teen.<\\\/div>\\n\n\n<div>\\u00a0<\\\/div>\\n\n\n<div>Keittolounas sis\\u00e4lt\\u00e4\\u00e4 p\\u00e4iv\\u00e4n\\u00a0keiton, runsaan salaattip\\u00f6yd\\u00e4n, itse leivotun leiv\\u00e4n, ruokajuomat sek\\u00e4 j\\u00e4lkiruoan ja kahvin tai haudutetun teen.<\\\/div>\\n\n\n<div>\\u00a0<\\\/div>\\n\n\n<div>Salaattilounas sis\\u00e4lt\\u00e4\\u00e4 runsaan salaattip\\u00f6yd\\u00e4n,\\u00a0itse leivotun leiv\\u00e4n, ruokajuomat sek\\u00e4 j\\u00e4lkiruoan ja kahvin tai haudutetun teen.<\\\/div>\\n\n\n<div>\\u00a0<\\\/div>\\n\n\n<div>Lounaspassilla joka kymmes lounas maksutta.<\\\/div>\\n\n\n<div>\\u00a0<\\\/div>\\n\n\n<div>Kysy edullista lounassopimus yrityksellesi!<\\\/div>\\n\n\n<div>\\u00a0<\\\/div>\"}},{\"name\":\"\",\"type\":\"button\",\"props\":{\"gutter\":\"small\",\"margin\":\"default\",\"text_align\":\"center\"},\"children\":[{\"name\":\"\",\"type\":\"button_item\",\"props\":{\"button_style\":\"default\",\"icon_align\":\"left\",\"content\":\"Katso lounaslista\",\"link\":\"index.php\\\/?page_id=28\",\"link_title\":\"\"}}]}]},{\"name\":\"\",\"type\":\"column\",\"props\":{\"widths\":[\"\"],\"image_position\":\"center-center\",\"media_overlay_gradient\":\"\"},\"children\":[{\"name\":\"\",\"type\":\"text\",\"props\":{\"column_breakpoint\":\"m\",\"margin\":\"default\",\"content\":\"\n\n<p><span class=\\\"uk-heading-divider\\\">Caf\\u00e9 Viisari<\\\/span><\\\/p>\",\"text_align\":\"center\",\"text_size\":\"small\",\"text_style\":\"\",\"text_color\":\"\",\"column\":\"\",\"text_align_breakpoint\":\"\",\"text_align_fallback\":\"\",\"maxwidth\":\"\",\"maxwidth_align\":\"\",\"maxwidth_breakpoint\":\"\",\"animation\":\"\",\"visibility\":\"\"}},{\"name\":\"\",\"type\":\"headline\",\"props\":{\"title_element\":\"h2\",\"content\":\"Hinnat\",\"title_style\":\"h1\",\"text_align\":\"center\"}},{\"name\":\"\",\"type\":\"description_list\",\"props\":{\"show_link\":true,\"layout\":\"grid-2-m\",\"list_size\":true,\"margin\":\"large\",\"show_title\":true,\"show_meta\":true,\"show_content\":true,\"width\":\"expand\",\"meta_style\":\"\",\"meta_align\":\"above-content\",\"gutter\":\"small\",\"leader\":true,\"meta_color\":\"primary\",\"list_style\":\"\",\"breakpoint\":\"\",\"title_style\":\"\",\"title_color\":\"\",\"content_style\":\"\",\"link_style\":\"\",\"text_align\":\"\",\"text_align_breakpoint\":\"\",\"text_align_fallback\":\"\",\"maxwidth\":\"\",\"maxwidth_align\":\"\",\"maxwidth_breakpoint\":\"\",\"animation\":\"\",\"visibility\":\"\"},\"children\":[{\"name\":\"\",\"type\":\"description_list_item\",\"props\":{\"title\":\"Lounasbuffet\",\"content\":\"\",\"meta\":\"9.90\\u20ac\"}},{\"name\":\"\",\"type\":\"description_list_item\",\"props\":{\"title\":\"Keittolounas\",\"content\":\"\",\"meta\":\"8.80\\u20ac\"}},{\"name\":\"\",\"type\":\"description_list_item\",\"props\":{\"title\":\"Salaattilounas\",\"content\":\"\",\"meta\":\"8.30\\u20ac\"}},{\"name\":\"\",\"type\":\"description_list_item\",\"props\":{\"title\":\"Take away\",\"content\":\"\",\"meta\":\"14,90\\u20ac \\\/ kg\"}},{\"name\":\"\",\"type\":\"description_list_item\",\"props\":{\"title\":\"Lapset 0-3v maksutta aikuisen ruokaillessa, 4-10v\",\"content\":\"\",\"meta\":\"4.90\\u20ac\"}}]},{\"name\":\"\",\"type\":\"headline\",\"props\":{\"title_element\":\"h2\",\"content\":\"Maksutavat\",\"title_style\":\"h1\",\"text_align\":\"center\"}},{\"name\":\"\",\"type\":\"list\",\"props\":{\"show_image\":true,\"show_link\":true,\"image_align\":\"left\",\"list_style\":\"divider\",\"content_style\":null,\"image_svg_color\":\"emphasis\",\"image_vertical_align\":true},\"children\":[{\"name\":\"\",\"type\":\"list_item\",\"props\":{\"content\":\"\n\n<div>K\\u00e4teinen<\\\/div>\"}},{\"name\":\"\",\"type\":\"list_item\",\"props\":{\"content\":\"\n\n<div>Yleisimm\\u00e4t maksukortit<\\\/div>\"}},{\"name\":\"\",\"type\":\"list_item\",\"props\":{\"content\":\"\n\n<div>Lounasseteli<\\\/div>\"}},{\"name\":\"\",\"type\":\"list_item\",\"props\":{\"content\":\"\n\n<div>Smartum<\\\/div>\"}},{\"name\":\"\",\"type\":\"list_item\",\"props\":{\"content\":\"\n\n<div>Eazybreak<\\\/div>\"}},{\"name\":\"\",\"type\":\"list_item\",\"props\":{\"content\":\"\n\n<p>Ruokaile edullisesti Caf\\u00e9 Viisarin lounaskupongeilla. Kymmenen kappaleen nippu 87\\u20ac.<\\\/p>\"}}]}]}]}]},{\"name\":\"Image\",\"type\":\"section\",\"props\":{\"style\":\"default\",\"width\":\"default\",\"image_position\":\"center-center\",\"image\":\"wp-content\\\/uploads\\\/viisari3.jpg\",\"image_size\":\"cover\",\"height\":\"\",\"image_fixed\":true,\"css\":\".el-section > [class*='uk-background-'] { min-height: 50vh; }\",\"vertical_align\":\"middle\",\"title_position\":\"top-left\",\"title_rotation\":\"left\",\"title_breakpoint\":\"xl\",\"image_width\":\"1920\",\"image_effect\":\"fixed\"},\"children\":[{\"name\":\"\",\"type\":\"row\",\"props\":{\"fixed_width\":\"large\",\"breakpoint\":\"m\",\"layout\":\"1-1\"},\"children\":[{\"name\":\"\",\"type\":\"column\",\"props\":{\"image_position\":\"center-center\",\"widths\":[\"1-1\"],\"media_overlay_gradient\":\"\"}}]}]},{\"name\":\"Contact\",\"type\":\"section\",\"props\":{\"style\":\"default\",\"width\":\"default\",\"image_position\":\"center-center\",\"padding\":\"large\",\"animation\":\"fade\",\"padding_remove_bottom\":true,\"vertical_align\":\"middle\",\"title_position\":\"top-left\",\"title_rotation\":\"left\",\"title_breakpoint\":\"xl\",\"image_effect\":\"\"},\"children\":[{\"name\":\"\",\"type\":\"row\",\"props\":{\"fixed_width\":\"large\",\"breakpoint\":\"m\",\"layout\":\"1-1\"},\"children\":[{\"name\":\"\",\"type\":\"column\",\"props\":{\"image_position\":\"center-center\",\"widths\":[\"1-1\"],\"media_overlay_gradient\":\"\"},\"children\":[{\"name\":\"\",\"type\":\"headline\",\"props\":{\"title_element\":\"h2\",\"content\":\"Laatu\",\"title_style\":\"h1\",\"text_align\":\"center\"}}]}]},{\"name\":\"\",\"type\":\"row\",\"props\":{\"fixed_width\":\"large\",\"breakpoint\":\"m\",\"layout\":\"1-1\",\"width\":\"small\"},\"children\":[{\"name\":\"\",\"type\":\"column\",\"props\":{\"image_position\":\"center-center\",\"widths\":[\"1-1\"],\"media_overlay_gradient\":\"\"},\"children\":[{\"name\":\"\",\"type\":\"text\",\"props\":{\"column_breakpoint\":\"m\",\"margin\":\"default\",\"content\":\"\n\n<p>Pyrimme toimimaan vastuullisesti ja k\\u00e4ytt\\u00e4m\\u00e4\\u00e4n mahdollisuuksien mukaan kotimaisia raaka-aineita, v\\u00e4hent\\u00e4m\\u00e4\\u00e4n h\\u00e4vikki\\u00e4 sek\\u00e4 huomioimaan ymp\\u00e4rist\\u00f6asiat toiminnassamme.<\\\/p>\",\"text_align\":\"center\",\"maxwidth\":\"xlarge\",\"maxwidth_align\":\"center\",\"text_style\":\"\",\"text_color\":\"\",\"text_size\":\"\",\"column\":\"\",\"text_align_breakpoint\":\"\",\"text_align_fallback\":\"\",\"maxwidth_breakpoint\":\"\",\"animation\":\"\",\"visibility\":\"\"}}]}]},{\"name\":\"\",\"type\":\"row\",\"props\":{\"fixed_width\":\"large\",\"breakpoint\":\"s\",\"layout\":\",\",\"width\":\"small\",\"gutter\":\"\",\"divider\":true,\"margin\":\"large\"},\"children\":[{\"name\":\"\",\"type\":\"column\",\"props\":{\"image_position\":\"center-center\",\"widths\":[\"\"],\"media_overlay_gradient\":\"\"},\"children\":[{\"name\":\"\",\"type\":\"headline\",\"props\":{\"title_element\":\"h3\",\"title_style\":\"h6\",\"title_color\":\"primary\",\"content\":\"Puhelin\",\"text_align\":\"center\"}},{\"name\":\"\",\"type\":\"text\",\"props\":{\"column_breakpoint\":\"m\",\"margin\":\"default\",\"content\":\"<a class=\\\"uk-link-reset\\\" href=\\\"tel:044 0544 425\\\">044 0544 425<\\\/a>\",\"text_size\":\"large\",\"text_align\":\"center\"}}]},{\"name\":\"\",\"type\":\"column\",\"props\":{\"image_position\":\"center-center\",\"widths\":[\"\"],\"media_overlay_gradient\":\"\"},\"children\":[{\"name\":\"\",\"type\":\"headline\",\"props\":{\"title_element\":\"h3\",\"title_style\":\"h6\",\"title_color\":\"primary\",\"content\":\"S\\u00e4hk\\u00f6posti\",\"text_align\":\"center\"}},{\"name\":\"\",\"type\":\"text\",\"props\":{\"column_breakpoint\":\"m\",\"margin\":\"default\",\"content\":\"<a class=\\\"uk-link-reset\\\" \\\"mailto:info@cafeviisari.fi\\\">info@cafeviisari.fi<\\\/a>\",\"text_size\":\"large\",\"text_align\":\"center\"}}]}]},{\"name\":\"\",\"type\":\"row\",\"props\":{\"fixed_width\":\"large\",\"breakpoint\":\"m\",\"layout\":\"1-1\",\"margin\":\"xlarge\"},\"children\":[{\"name\":\"\",\"type\":\"column\",\"props\":{\"image_position\":\"center-center\",\"widths\":[\"1-1\"],\"media_overlay_gradient\":\"\"},\"children\":[{\"name\":\"\",\"type\":\"text\",\"props\":{\"column_breakpoint\":\"m\",\"margin\":\"default\",\"content\":\"\n\n<p>Caf\\u00e9 Viisari<br \\\/>Martinkyl\\u00e4ntie 47 <br \\\/>01720 Vantaa<\\\/p>\",\"text_style\":\"lead\",\"text_align\":\"center\",\"text_align_breakpoint\":\"\",\"maxwidth\":\"medium\",\"maxwidth_align\":\"center\"}},{\"name\":\"\",\"type\":\"map\",\"props\":{\"type\":\"roadmap\",\"zoom\":\"16\",\"controls\":true,\"zooming\":false,\"dragging\":false,\"show_title\":true,\"height\":\"435\",\"styler_saturation\":\"-100\",\"styler_lightness\":\"90\",\"styler_gamma\":\"0.3\",\"styler_invert_lightness\":false,\"margin\":\"large\",\"popup_max_width\":\"200\",\"maxwidth\":\"\",\"maxwidth_align\":\"\",\"maxwidth_breakpoint\":\"\",\"animation\":\"\",\"visibility\":\"\"},\"children\":[{\"name\":\"\",\"type\":\"map_marker\",\"props\":{\"location\":\"60.2783,24.8214\",\"title\":\" Caf\\u00e9 Viisari\",\"content\":\"\n\n<p>Martinkyl\\u00e4ntie 47<br \\\/>01720 Vantaa<\\\/p>\\n\n\n<p><a href=\\\"mailto:info@cafeviisari.fi\\\">info@cafeviisari.fi<\\\/a><br \\\/>044 0544 425<\\\/p>\"}}]}]}]}]},{\"name\":\"\",\"type\":\"section\",\"props\":{\"style\":\"default\",\"width\":\"default\",\"image_position\":\"center-center\",\"vertical_align\":\"middle\",\"title_position\":\"top-left\",\"title_rotation\":\"left\",\"title_breakpoint\":\"xl\",\"image_effect\":\"\"},\"children\":[{\"name\":\"\",\"type\":\"row\",\"props\":{\"fixed_width\":\"large\",\"breakpoint\":\"m\",\"layout\":\"1-1\"},\"children\":[{\"name\":\"\",\"type\":\"column\",\"props\":{\"image_position\":\"center-center\",\"widths\":[\"1-1\"],\"media_overlay_gradient\":\"\"},\"children\":[{\"name\":\"\",\"type\":\"button\",\"props\":{\"gutter\":\"\",\"margin\":\"default\",\"button_size\":\"large\",\"text_align\":\"center\"},\"children\":[{\"name\":\"\",\"type\":\"button_item\",\"props\":{\"button_style\":\"default\",\"icon_align\":\"left\",\"content\":\"Seuraa meit\\u00e4 Facebookissa\",\"link\":\"https:\\\/\\\/www.facebook.com\\\/CafeViisari\\\/\",\"icon\":\"facebook\",\"link_target\":\"blank\"}}]}]}]}]}],\"props\":[],\"version\":\"1.19.1\"} --><\/p>\n","protected":false},"excerpt":{"rendered":"<p>Est. 2010 150 paikkainen lounasravintola Caf\u00e9 Viisari on 150 paikkainen lounasravintola. Kes\u00e4ll\u00e4 k\u00e4yt\u00f6ss\u00e4si on my\u00f6s 30 paikkainen aurinkoinen terassi. Lounasbuffet on katettu klo arkisin 10.30 &#8211; 14.00 ja lauantaisin klo 11.00 &#8211; 14.00. Klo 14.00 &#8211; 14.10 myymme loput ruoat buffetista take a way annoksina 5e \/ 0,75l rasia. Tarjolla on p\u00e4iv\u00e4n keitto, runsas salaattip\u00f6yt\u00e4, [&hellip;]<\/p>\n","protected":false},"author":1,"featured_media":0,"parent":0,"menu_order":3,"comment_status":"closed","ping_status":"closed","template":"","meta":{"footnotes":""},"class_list":["post-25","page","type-page","status-publish","hentry"],"_links":{"self":[{"href":"https:\/\/viisari.cafe\/index.php?rest_route=\/wp\/v2\/pages\/25","targetHints":{"allow":["GET"]}}],"collection":[{"href":"https:\/\/viisari.cafe\/index.php?rest_route=\/wp\/v2\/pages"}],"about":[{"href":"https:\/\/viisari.cafe\/index.php?rest_route=\/wp\/v2\/types\/page"}],"author":[{"embeddable":true,"href":"https:\/\/viisari.cafe\/index.php?rest_route=\/wp\/v2\/users\/1"}],"replies":[{"embeddable":true,"href":"https:\/\/viisari.cafe\/index.php?rest_route=%2Fwp%2Fv2%2Fcomments&post=25"}],"version-history":[{"count":0,"href":"https:\/\/viisari.cafe\/index.php?rest_route=\/wp\/v2\/pages\/25\/revisions"}],"wp:attachment":[{"href":"https:\/\/viisari.cafe\/index.php?rest_route=%2Fwp%2Fv2%2Fmedia&parent=25"}],"curies":[{"name":"wp","href":"https:\/\/api.w.org\/{rel}","templated":true}]}}