{"id":26,"date":"2016-09-13T13:10:15","date_gmt":"2016-09-13T13:10:15","guid":{"rendered":"http:\/\/viisari.cafe\/index.php\/our-story\/"},"modified":"2019-04-03T10:05:07","modified_gmt":"2019-04-03T07:05:07","slug":"our-story","status":"publish","type":"page","link":"https:\/\/viisari.cafe\/?page_id=26","title":{"rendered":"Kokoustila"},"content":{"rendered":"<h1>Kokoustila<\/h1>\n<h2>Kokoustila sijaitsee kauppakeskuksen kolmannessa kerroksessa.<\/h2>\n<hr>\n<div>\n<p>        <img decoding=\"async\" src=\"wp-content\/uploads\/161_muok.jpg\" alt=\"\"><\/p>\n<\/div>\n<div>\n<p>Maukkaat tarjoilut voit nauttia kokoustilassa tai alakerran kahviossa. Lounas tarjoillaan klo 10.30-14.15 v\u00e4lisen\u00e4 aikana alakerran lounasbufeesta. P\u00e4iv\u00e4\u00e4 voit jatkaa l\u00e4mpimien l\u00f6ylyjen merkeiss\u00e4 saunan lauteilla.<\/p>\n<\/div>\n<div>\n<p>P\u00f6yd\u00e4n ymp\u00e4rille sopii 12 henkil\u00f6\u00e4 ja tila on jaettavissa kahteen erilliseen osaan, mik\u00e4li tarvitset ryhm\u00e4ty\u00f6skentelytiloja. <\/p>\n<\/div>\n<div>\n<p>        <img decoding=\"async\" src=\"wp-content\/uploads\/157-1.jpg\" alt=\"\"><\/p>\n<\/div>\n<div>\n<p>        <img decoding=\"async\" src=\"wp-content\/uploads\/160.jpg\" alt=\"\"><\/p>\n<\/div>\n<h1>Kokouspaketit<\/h1>\n<h2>(minimi 6 hl\u00f6)<\/h2>\n<hr>\n<div>\n<p>Puolip\u00e4iv\u00e4kokous<\/p>\n<p>klo 8-12 tai klo 12-16. 27,50\u20ac \/ hl\u00f6 (aamupala tai iltap\u00e4iv\u00e4kahvi sek\u00e4 lounas)<\/p>\n<\/div>\n<div>\n<p>Kokop\u00e4iv\u00e4kokous<\/p>\n<p>klo 8-16. 32,50 \u20ac \/ hl\u00f6 (aamupala, lounas ja iltap\u00e4iv\u00e4kahvi)<\/p>\n<\/div>\n<hr>\n<div>\n<div class=\"\">Aamupala; kahvi, tee, t\u00e4ytetty leip\u00e4 valintanne mukaan, tuoremehu sek\u00e4 pieni makea.<\/p>\n<\/div>\n<div class=\"\">Lounas tarjoillaan alakerran lounasbuffetista klo 10.30-14.15 v\u00e4lisen\u00e4 aikana.\u00a0<span class=\"\">Lounas noutop\u00f6yd\u00e4st\u00e4 sis\u00e4lt\u00e4\u00e4 keiton, kaksi l\u00e4mmint\u00e4 ruokaa lisukkeineen, runsaan salaattip\u00f6yd\u00e4n, itse leivotun leiv\u00e4n, ruokajuomat sek\u00e4 j\u00e4lkiruoan\u00a0ja kahvin tai haudutetun teen.<\/span><\/div>\n<div class=\"\">Iltap\u00e4iv\u00e4kahvi: kahvi, tee, suolainen tai makea valintanne mukaan<\/div>\n<\/div>\n<hr>\n<ul>\n<li>\n<div>\n<p>Virvokkeet 3,50\u20ac \/ pullo 0,5l<\/p>\n<\/div>\n<\/li>\n<li>\n<div>\n<p>Hedelm\u00e4t 4,00\u20ac \/ hl\u00f6<\/p>\n<\/div>\n<\/li>\n<li>\n<div>\n<p>Smoothie 4,00\u20ac \/ hl\u00f6<\/p>\n<\/div>\n<\/li>\n<\/ul>\n<ul>\n<li>\n        <a href=\"mailto:info@cafeviisari.fi\">Pyyd\u00e4 tarjous<\/a>\n    <\/li>\n<li>\n        <a href=\"mailto:info@cafeviisari.fi\">Ota yhteytt\u00e4<\/a>\n    <\/li>\n<\/ul>\n<p><!-- {\"name\":\"Portfolio\",\"type\":\"layout\",\"children\":[{\"name\":\"Intro\",\"type\":\"section\",\"props\":{\"width\":\"default\",\"padding\":\"large\",\"style\":\"default\",\"image_size\":\"\",\"image_position\":\"center-right\",\"padding_remove_top\":false,\"header_transparent\":\"\",\"animation\":\"fade\",\"image\":\"\",\"image_visibility\":\"m\",\"vertical_align\":\"middle\",\"title_position\":\"top-left\",\"title_rotation\":\"left\",\"title_breakpoint\":\"xl\",\"image_effect\":\"\"},\"children\":[{\"name\":\"\",\"type\":\"row\",\"props\":{\"fixed_width\":\"large\",\"breakpoint\":\"m\",\"layout\":\"1-1\",\"margin\":\"xlarge\"},\"children\":[{\"name\":\"\",\"type\":\"column\",\"props\":{\"widths\":[\"1-1\"],\"image_position\":\"center-center\",\"media_overlay_gradient\":\"\"},\"children\":[{\"name\":\"\",\"type\":\"headline\",\"props\":{\"title_element\":\"h1\",\"content\":\"Kokoustila\",\"title_style\":\"\",\"text_align\":\"center\",\"maxwidth\":\"xxlarge\",\"maxwidth_align\":\"center\",\"margin\":\"large\",\"margin_remove_bottom\":true}},{\"name\":\"\",\"type\":\"headline\",\"props\":{\"title_element\":\"h2\",\"content\":\"Kokoustila sijaitsee kauppakeskuksen kolmannessa kerroksessa.\",\"title_style\":\"h6\",\"text_align\":\"center\"}},{\"name\":\"\",\"type\":\"divider\",\"props\":{\"divider_element\":\"hr\",\"divider_style\":\"icon\",\"maxwidth\":\"medium\",\"maxwidth_align\":\"center\",\"margin\":\"medium\",\"margin_remove_top\":true}}]}]}]},{\"name\":\"Our History\",\"type\":\"section\",\"props\":{\"width\":\"default\",\"padding\":\"large\",\"style\":\"default\",\"image_size\":\"\",\"image_position\":\"top-right\",\"padding_remove_top\":true,\"header_transparent\":\"\",\"animation\":\"fade\",\"image\":\"\",\"image_fixed\":false,\"vertical_align\":\"middle\",\"title_position\":\"top-left\",\"title_rotation\":\"left\",\"title_breakpoint\":\"xl\",\"padding_remove_bottom\":true,\"image_effect\":\"\"},\"children\":[{\"name\":\"\",\"type\":\"row\",\"props\":{\"fixed_width\":\"large\",\"breakpoint\":\"s\",\"layout\":\",\",\"gutter\":\"\",\"margin\":\"\",\"divider\":false,\"order_last\":false},\"children\":[{\"name\":\"\",\"type\":\"column\",\"props\":{\"image_position\":\"center-center\",\"widths\":[\"\"],\"media_overlay_gradient\":\"\"},\"children\":[{\"name\":\"\",\"type\":\"panel\",\"props\":{\"link_text\":\"Read more\",\"title_element\":\"h3\",\"meta_style\":\"meta\",\"meta_align\":\"below-title\",\"icon_ratio\":4,\"image_align\":\"top\",\"image_grid_width\":\"1-2\",\"image_breakpoint\":\"m\",\"link_style\":\"default\",\"margin\":\"large\",\"image\":\"wp-content\\\/uploads\\\/161_muok.jpg\",\"content\":\"\",\"title\":\"\",\"meta\":\"\",\"image_width\":\"610\",\"image_height\":\"814\",\"title_align\":\"top\",\"title_grid_width\":\"1-2\",\"title_breakpoint\":\"m\",\"image_svg_color\":\"emphasis\",\"panel_style\":\"\",\"panel_content_padding\":\"\",\"panel_size\":\"\",\"title_style\":\"\",\"title_decoration\":\"\",\"title_color\":\"\",\"title_gutter\":\"\",\"title_margin\":\"\",\"meta_color\":\"\",\"meta_margin\":\"\",\"content_style\":\"\",\"content_margin\":\"\",\"image_border\":\"\",\"image_box_shadow\":\"\",\"image_hover_box_shadow\":\"\",\"image_box_decoration\":\"\",\"icon_color\":\"\",\"image_gutter\":\"\",\"image_margin\":\"\",\"link_type\":\"\",\"link_size\":\"\",\"link_margin\":\"\",\"text_align\":\"\",\"text_align_breakpoint\":\"\",\"text_align_fallback\":\"\",\"maxwidth\":\"\",\"maxwidth_align\":\"\",\"maxwidth_breakpoint\":\"\",\"animation\":\"\",\"visibility\":\"\"}},{\"name\":\"\",\"type\":\"text\",\"props\":{\"column_breakpoint\":\"m\",\"margin\":\"medium\",\"content\":\"\n\n<p>Maukkaat tarjoilut voit nauttia kokoustilassa tai alakerran kahviossa. Lounas tarjoillaan klo 10.30-14.15 v\\u00e4lisen\\u00e4 aikana alakerran lounasbufeesta. P\\u00e4iv\\u00e4\\u00e4 voit jatkaa l\\u00e4mpimien l\\u00f6ylyjen merkeiss\\u00e4 saunan lauteilla.<\\\/p>\",\"dropcap\":true}}]},{\"name\":\"\",\"type\":\"column\",\"props\":{\"image_position\":\"center-center\",\"widths\":[\"\"],\"media_overlay_gradient\":\"\"},\"children\":[{\"name\":\"\",\"type\":\"text\",\"props\":{\"column_breakpoint\":\"m\",\"margin\":\"medium\",\"content\":\"\n\n<p>P\\u00f6yd\\u00e4n ymp\\u00e4rille sopii 12 henkil\\u00f6\\u00e4 ja tila on jaettavissa kahteen erilliseen osaan, mik\\u00e4li tarvitset ryhm\\u00e4ty\\u00f6skentelytiloja. <\\\/p>\",\"dropcap\":true}},{\"name\":\"\",\"type\":\"panel\",\"props\":{\"link_text\":\"Read more\",\"title_element\":\"h3\",\"meta_style\":\"meta\",\"meta_align\":\"below-title\",\"icon_ratio\":4,\"image_align\":\"top\",\"image_grid_width\":\"1-2\",\"image_breakpoint\":\"m\",\"link_style\":\"default\",\"margin\":\"large\",\"image\":\"wp-content\\\/uploads\\\/157-1.jpg\",\"content\":\"\",\"title\":\"\",\"meta\":\"\",\"margin_remove_bottom\":true,\"image_width\":\"610\",\"image_height\":\"380\",\"title_align\":\"top\",\"title_grid_width\":\"1-2\",\"title_breakpoint\":\"m\",\"image_svg_color\":\"emphasis\",\"panel_style\":\"\",\"panel_content_padding\":\"\",\"panel_size\":\"\",\"title_style\":\"\",\"title_decoration\":\"\",\"title_color\":\"\",\"title_gutter\":\"\",\"title_margin\":\"\",\"meta_color\":\"\",\"meta_margin\":\"\",\"content_style\":\"\",\"content_margin\":\"\",\"image_border\":\"\",\"image_box_shadow\":\"\",\"image_hover_box_shadow\":\"\",\"image_box_decoration\":\"\",\"icon_color\":\"\",\"image_gutter\":\"\",\"image_margin\":\"\",\"link_type\":\"\",\"link_size\":\"\",\"link_margin\":\"\",\"text_align\":\"\",\"text_align_breakpoint\":\"\",\"text_align_fallback\":\"\",\"maxwidth\":\"\",\"maxwidth_align\":\"\",\"maxwidth_breakpoint\":\"\",\"animation\":\"\",\"visibility\":\"\"}},{\"name\":\"\",\"type\":\"panel\",\"props\":{\"link_text\":\"Read more\",\"title_element\":\"h3\",\"meta_style\":\"meta\",\"meta_align\":\"below-title\",\"icon_ratio\":4,\"image_align\":\"top\",\"image_grid_width\":\"1-2\",\"image_breakpoint\":\"m\",\"link_style\":\"default\",\"margin\":\"medium\",\"image\":\"wp-content\\\/uploads\\\/160.jpg\",\"content\":\"\",\"title\":\"\",\"meta\":\"\",\"image_width\":\"610\",\"image_height\":\"380\",\"title_align\":\"top\",\"title_grid_width\":\"1-2\",\"title_breakpoint\":\"m\",\"image_svg_color\":\"emphasis\",\"panel_style\":\"\",\"panel_content_padding\":\"\",\"panel_size\":\"\",\"title_style\":\"\",\"title_decoration\":\"\",\"title_color\":\"\",\"title_gutter\":\"\",\"title_margin\":\"\",\"meta_color\":\"\",\"meta_margin\":\"\",\"content_style\":\"\",\"content_margin\":\"\",\"image_border\":\"\",\"image_box_shadow\":\"\",\"image_hover_box_shadow\":\"\",\"image_box_decoration\":\"\",\"icon_color\":\"\",\"image_gutter\":\"\",\"image_margin\":\"\",\"link_type\":\"\",\"link_size\":\"\",\"link_margin\":\"\",\"text_align\":\"\",\"text_align_breakpoint\":\"\",\"text_align_fallback\":\"\",\"maxwidth\":\"\",\"maxwidth_align\":\"\",\"maxwidth_breakpoint\":\"\",\"animation\":\"\",\"visibility\":\"\"}}]}]}]},{\"name\":\"Intro\",\"type\":\"section\",\"props\":{\"width\":\"default\",\"padding\":\"large\",\"style\":\"default\",\"image_size\":\"\",\"image_position\":\"center-right\",\"padding_remove_top\":false,\"header_transparent\":\"\",\"animation\":\"fade\",\"image\":\"\",\"image_visibility\":\"m\",\"vertical_align\":\"middle\",\"title_position\":\"top-left\",\"title_rotation\":\"left\",\"title_breakpoint\":\"xl\",\"image_effect\":\"\"},\"children\":[{\"name\":\"\",\"type\":\"row\",\"props\":{\"fixed_width\":\"large\",\"breakpoint\":\"m\",\"layout\":\"1-1\",\"margin\":\"large\"},\"children\":[{\"name\":\"\",\"type\":\"column\",\"props\":{\"widths\":[\"1-1\"],\"image_position\":\"center-center\",\"media_overlay_gradient\":\"\"},\"children\":[{\"name\":\"\",\"type\":\"headline\",\"props\":{\"title_element\":\"h1\",\"content\":\"Kokouspaketit\",\"title_style\":\"\",\"text_align\":\"center\",\"maxwidth\":\"xxlarge\",\"maxwidth_align\":\"center\",\"margin\":\"large\",\"margin_remove_bottom\":true}},{\"name\":\"\",\"type\":\"headline\",\"props\":{\"title_element\":\"h2\",\"content\":\"(minimi 6 hl\\u00f6)\",\"title_style\":\"h6\",\"text_align\":\"center\",\"title_decoration\":\"\",\"title_color\":\"\",\"text_align_breakpoint\":\"\",\"text_align_fallback\":\"\",\"maxwidth\":\"\",\"maxwidth_align\":\"\",\"maxwidth_breakpoint\":\"\",\"margin\":\"\",\"animation\":\"\",\"visibility\":\"\"}},{\"name\":\"\",\"type\":\"divider\",\"props\":{\"divider_element\":\"hr\",\"divider_style\":\"icon\",\"maxwidth\":\"medium\",\"maxwidth_align\":\"center\",\"margin\":\"medium\",\"margin_remove_top\":true}}]}]},{\"name\":\"\",\"type\":\"row\",\"props\":{\"fixed_width\":\"large\",\"breakpoint\":\"m\",\"layout\":\",\"},\"children\":[{\"name\":\"\",\"type\":\"column\",\"props\":{\"widths\":[\"\"],\"image_position\":\"center-center\",\"media_overlay_gradient\":\"\"},\"children\":[{\"name\":\"\",\"type\":\"text\",\"props\":{\"margin\":\"default\",\"column_breakpoint\":\"m\",\"content\":\"\n\n<p>Puolip\\u00e4iv\\u00e4kokous<\\\/p>\\n\n\n<p>klo 8-12 tai klo 12-16. 27,50\\u20ac \\\/ hl\\u00f6 (aamupala tai iltap\\u00e4iv\\u00e4kahvi sek\\u00e4 lounas)<\\\/p>\",\"text_style\":\"\",\"text_color\":\"\",\"text_size\":\"\",\"column\":\"\",\"text_align\":\"\",\"text_align_breakpoint\":\"\",\"text_align_fallback\":\"\",\"maxwidth\":\"\",\"maxwidth_align\":\"\",\"maxwidth_breakpoint\":\"\",\"animation\":\"\",\"visibility\":\"\"}}]},{\"name\":\"\",\"type\":\"column\",\"props\":{\"widths\":[\"\"],\"image_position\":\"center-center\",\"media_overlay_gradient\":\"\"},\"children\":[{\"name\":\"\",\"type\":\"text\",\"props\":{\"margin\":\"default\",\"column_breakpoint\":\"m\",\"content\":\"\n\n<p>Kokop\\u00e4iv\\u00e4kokous<\\\/p>\\n\n\n<p>klo 8-16. 32,50 \\u20ac \\\/ hl\\u00f6 (aamupala, lounas ja iltap\\u00e4iv\\u00e4kahvi)<\\\/p>\",\"text_style\":\"\",\"text_color\":\"\",\"text_size\":\"\",\"column\":\"\",\"text_align\":\"\",\"text_align_breakpoint\":\"\",\"text_align_fallback\":\"\",\"maxwidth\":\"\",\"maxwidth_align\":\"\",\"maxwidth_breakpoint\":\"\",\"animation\":\"\",\"visibility\":\"\"}}]}]},{\"name\":\"\",\"type\":\"row\",\"props\":{\"fixed_width\":\"large\",\"breakpoint\":\"m\",\"layout\":\"1-1\"},\"children\":[{\"name\":\"\",\"type\":\"column\",\"props\":{\"widths\":[\"1-1\"],\"image_position\":\"center-center\",\"media_overlay_gradient\":\"\"},\"children\":[{\"name\":\"\",\"type\":\"divider\",\"props\":{\"divider_element\":\"hr\",\"divider_style\":\"icon\",\"maxwidth\":\"medium\",\"maxwidth_align\":\"center\",\"margin\":\"medium\",\"margin_remove_top\":true}},{\"name\":\"\",\"type\":\"text\",\"props\":{\"margin\":\"default\",\"column_breakpoint\":\"m\",\"content\":\"\n\n<div class=\\\"\\\">Aamupala; kahvi, tee, t\\u00e4ytetty leip\\u00e4 valintanne mukaan, tuoremehu sek\\u00e4 pieni makea.<br \\\/><br \\\/><\\\/div>\\n\n\n<div class=\\\"\\\">Lounas tarjoillaan alakerran lounasbuffetista klo 10.30-14.15 v\\u00e4lisen\\u00e4 aikana.\\u00a0<span class=\\\"\\\">Lounas noutop\\u00f6yd\\u00e4st\\u00e4 sis\\u00e4lt\\u00e4\\u00e4 keiton, kaksi l\\u00e4mmint\\u00e4 ruokaa lisukkeineen, runsaan salaattip\\u00f6yd\\u00e4n, itse leivotun leiv\\u00e4n, ruokajuomat sek\\u00e4 j\\u00e4lkiruoan\\u00a0ja kahvin tai haudutetun teen.<\\\/span><\\\/div>\\n\n\n<div class=\\\"\\\"><br \\\/>Iltap\\u00e4iv\\u00e4kahvi: kahvi, tee, suolainen tai makea valintanne mukaan<\\\/div>\"}}]}]},{\"name\":\"\",\"type\":\"row\",\"props\":{\"fixed_width\":\"large\",\"breakpoint\":\"m\",\"layout\":\"1-1\"},\"children\":[{\"name\":\"\",\"type\":\"column\",\"props\":{\"widths\":[\"1-1\"],\"image_position\":\"center-center\",\"media_overlay_gradient\":\"\"},\"children\":[{\"name\":\"\",\"type\":\"divider\",\"props\":{\"divider_element\":\"hr\",\"divider_style\":\"icon\",\"maxwidth\":\"medium\",\"maxwidth_align\":\"center\",\"margin\":\"medium\",\"margin_remove_top\":true}},{\"name\":\"\",\"type\":\"list\",\"props\":{\"show_image\":true,\"show_link\":true,\"image_align\":\"left\",\"list_style\":\"bullet\",\"content_style\":\"\",\"image_svg_color\":\"emphasis\",\"image_vertical_align\":true},\"children\":[{\"name\":\"\",\"type\":\"list_item\",\"props\":{\"content\":\"\n\n<p>Virvokkeet 3,50\\u20ac \\\/ pullo 0,5l<\\\/p>\"}},{\"name\":\"\",\"type\":\"list_item\",\"props\":{\"content\":\"\n\n<p>Hedelm\\u00e4t 4,00\\u20ac \\\/ hl\\u00f6<\\\/p>\"}},{\"name\":\"\",\"type\":\"list_item\",\"props\":{\"content\":\"\n\n<p>Smoothie 4,00\\u20ac \\\/ hl\\u00f6<\\\/p>\"}}]},{\"name\":\"Painike\",\"type\":\"button\",\"props\":{\"gutter\":\"small\",\"margin\":\"default\",\"button_size\":\"\",\"text_align\":\"\",\"text_align_breakpoint\":\"\",\"text_align_fallback\":\"\",\"maxwidth\":\"\",\"maxwidth_align\":\"\",\"maxwidth_breakpoint\":\"\",\"animation\":\"\",\"visibility\":\"\"},\"children\":[{\"name\":\"\",\"type\":\"button_item\",\"props\":{\"button_style\":\"default\",\"icon_align\":\"left\",\"content\":\"Pyyd\\u00e4 tarjous\",\"link\":\"mailto:info@cafeviisari.fi\",\"link_target\":\"\"}},{\"name\":\"\",\"type\":\"button_item\",\"props\":{\"button_style\":\"default\",\"icon_align\":\"left\",\"content\":\"Ota yhteytt\\u00e4\",\"link\":\"mailto:info@cafeviisari.fi\"}}],\"version\":\"1.19.1\"}]}]}]}],\"props\":[],\"version\":\"1.19.1\"} --><\/p>\n","protected":false},"excerpt":{"rendered":"<p>Kokoustila Kokoustila sijaitsee kauppakeskuksen kolmannessa kerroksessa. Maukkaat tarjoilut voit nauttia kokoustilassa tai alakerran kahviossa. Lounas tarjoillaan klo 10.30-14.15 v\u00e4lisen\u00e4 aikana alakerran lounasbufeesta. P\u00e4iv\u00e4\u00e4 voit jatkaa l\u00e4mpimien l\u00f6ylyjen merkeiss\u00e4 saunan lauteilla. P\u00f6yd\u00e4n ymp\u00e4rille sopii 12 henkil\u00f6\u00e4 ja tila on jaettavissa kahteen erilliseen osaan, mik\u00e4li tarvitset ryhm\u00e4ty\u00f6skentelytiloja. Kokouspaketit (minimi 6 hl\u00f6) Puolip\u00e4iv\u00e4kokous klo 8-12 tai klo 12-16. [&hellip;]<\/p>\n","protected":false},"author":1,"featured_media":0,"parent":0,"menu_order":4,"comment_status":"closed","ping_status":"closed","template":"","meta":{"footnotes":""},"class_list":["post-26","page","type-page","status-publish","hentry"],"_links":{"self":[{"href":"https:\/\/viisari.cafe\/index.php?rest_route=\/wp\/v2\/pages\/26","targetHints":{"allow":["GET"]}}],"collection":[{"href":"https:\/\/viisari.cafe\/index.php?rest_route=\/wp\/v2\/pages"}],"about":[{"href":"https:\/\/viisari.cafe\/index.php?rest_route=\/wp\/v2\/types\/page"}],"author":[{"embeddable":true,"href":"https:\/\/viisari.cafe\/index.php?rest_route=\/wp\/v2\/users\/1"}],"replies":[{"embeddable":true,"href":"https:\/\/viisari.cafe\/index.php?rest_route=%2Fwp%2Fv2%2Fcomments&post=26"}],"version-history":[{"count":0,"href":"https:\/\/viisari.cafe\/index.php?rest_route=\/wp\/v2\/pages\/26\/revisions"}],"wp:attachment":[{"href":"https:\/\/viisari.cafe\/index.php?rest_route=%2Fwp%2Fv2%2Fmedia&parent=26"}],"curies":[{"name":"wp","href":"https:\/\/api.w.org\/{rel}","templated":true}]}}