{"id":28,"date":"2016-09-13T13:16:23","date_gmt":"2016-09-13T13:16:23","guid":{"rendered":"http:\/\/viisari.cafe\/index.php\/lunch\/"},"modified":"2021-07-01T11:49:01","modified_gmt":"2021-07-01T08:49:01","slug":"lunch","status":"publish","type":"page","link":"https:\/\/viisari.cafe\/?page_id=28","title":{"rendered":"Lounas"},"content":{"rendered":"<h1>Lounas<\/h1>\n<div>\n<p>Maistuva lounas tarjoillaan noutop\u00f6yd\u00e4st\u00e4 maanantaista-perjantaihin kello 10.30-14.15 ja lauantaisin kello 11.00-14.15.<\/p>\n<\/div>\n<div>\n<p>    <div class=\"printfriendly pf-button  pf-alignleft\">\n                    <a href=\"https:\/\/viisari.cafe\/?page_id=28&#038;pfstyle=wp\" rel=\"nofollow\" onclick=\"\" title=\"Printer Friendly, PDF & Email\">\n                    <img decoding=\"async\" src=\"https:\/\/cdn.printfriendly.com\/icons\/printfriendly-icon-lg.png\" alt=\"Print Friendly, PDF & Email\" class=\"pf-button-img\" style=\"width: 25px;height: 25px;\"  \/><span id=\"printfriendly-text2\" class=\"pf-button-text\">Tulosta lounaslista<\/span>\n                    <\/a>\n                <\/div><p>&nbsp;<\/p>\n<p>&nbsp;<\/p>\n<div class=\"uk-text-center uk-scrollspy-inview uk-animation-fade\" data-id=\"page#6\">10.09.<\/div>\n<h2 class=\"uk-margin-small uk-text-center uk-h3 uk-scrollspy-inview uk-animation-fade\" data-id=\"page#7\">Maanantai<\/h2>\n<hr class=\"uk-divider-small uk-text-center uk-scrollspy-inview uk-animation-fade\" data-id=\"page#8\" \/>\n<div style=\"text-align: center;\">Katkarapu-hummerikeitto L,G<\/div>\n<div style=\"text-align: center;\">Jalopeno-cheddarjauhelihapihvit VL,G<\/div>\n<div style=\"text-align: center;\">Pekoni-herkkutattipasta L<\/div>\n<div style=\"text-align: center;\">Kuningatark\u00e4\u00e4retorttu M<\/div>\n<div class=\"uk-margin-xlarge uk-margin-remove-bottom uk-text-center uk-scrollspy-inview uk-animation-fade\" data-id=\"page#10\">11.09.<\/div>\n<h2 class=\"uk-margin-small uk-text-center uk-h3 uk-scrollspy-inview uk-animation-fade\" data-id=\"page#11\">Tiistai<\/h2>\n<hr class=\"uk-divider-small uk-text-center uk-scrollspy-inview uk-animation-fade\" data-id=\"page#12\" \/>\n<div>\n<div style=\"text-align: center;\">Thai-kanakeitto M,G<\/div>\n<\/div>\n<div style=\"text-align: center;\">\n<div>Belmannin pyttipannu L,G<\/div>\n<\/div>\n<div style=\"text-align: center;\">Wallenbergin kalapihvi VL<\/div>\n<div style=\"text-align: center;\">Ruusunmarjakiisseli ja kermavaahto L,G<\/div>\n<div class=\"uk-margin-xlarge uk-margin-remove-bottom uk-text-center uk-scrollspy-inview uk-animation-fade\" data-id=\"page#14\">12.09.<\/div>\n<h2 class=\"uk-margin-small uk-text-center uk-h3 uk-scrollspy-inview uk-animation-fade\" data-id=\"page#15\">Keskiviikko<\/h2>\n<hr class=\"uk-divider-small uk-text-center uk-scrollspy-inview uk-animation-fade\" data-id=\"page#16\" \/>\n<div>\n<div style=\"text-align: center;\">Punajuuri-gorgonzolakeitto VL,G<\/div>\n<\/div>\n<div style=\"text-align: center;\">\n<div>Paholaisen kanaa M,G<\/div>\n<\/div>\n<div style=\"text-align: center;\">\n<div>Jauheliha-makaronilaatikko L<\/div>\n<\/div>\n<div>\n<div style=\"text-align: center;\">Mansikka-mascarponevaahto L,G<\/div>\n<\/div>\n<div class=\"uk-margin-xlarge uk-margin-remove-bottom uk-text-center uk-scrollspy-inview uk-animation-fade\" data-id=\"page#18\">13.09.<\/div>\n<h2 class=\"uk-margin-small uk-text-center uk-h3 uk-scrollspy-inview uk-animation-fade\" data-id=\"page#19\">Torstai<\/h2>\n<hr class=\"uk-divider-small uk-text-center uk-scrollspy-inview uk-animation-fade\" data-id=\"page#20\" \/>\n<div>\n<div style=\"text-align: center;\">Siskonmakkarakeitto M,G<\/div>\n<\/div>\n<div style=\"text-align: center;\">\n<div>Pinaatti-fetat\u00e4ytteinen kalaleike VL<\/div>\n<\/div>\n<div style=\"text-align: center;\">\n<div>Bolognesekastike M,G, pastaa M<\/div>\n<\/div>\n<div>\n<div style=\"text-align: center;\">Keksivalikoima VL<\/div>\n<\/div>\n<div class=\"uk-margin-xlarge uk-margin-remove-bottom uk-text-center uk-scrollspy-inview uk-animation-fade\" data-id=\"page#22\">14.09.<\/div>\n<h2 class=\"uk-margin-small uk-text-center uk-h3 uk-scrollspy-inview uk-animation-fade\" data-id=\"page#23\">Perjantai<\/h2>\n<hr class=\"uk-divider-small uk-text-center uk-scrollspy-inview uk-animation-fade\" data-id=\"page#24\" \/>\n<div>\n<div style=\"text-align: center;\">Bataatti-chilisosekeitto L,G<\/div>\n<\/div>\n<div style=\"text-align: center;\">Hawaijinleike M<\/div>\n<div style=\"text-align: center;\">Savuporo-salamikiusaus L,G<\/div>\n<div>\n<div style=\"text-align: center;\">\n<p>Vadelmapannacotta G<\/p>\n<div class=\"uk-margin-xlarge uk-margin-remove-bottom uk-text-center uk-scrollspy-inview uk-animation-fade\" style=\"text-align: left;\" data-id=\"page#18\">15.09.<\/div>\n<h2 class=\"uk-margin-small uk-text-center uk-h3 uk-scrollspy-inview uk-animation-fade\" style=\"text-align: left;\" data-id=\"page#19\">Lauantai<\/h2>\n<hr class=\"uk-divider-small uk-text-center uk-scrollspy-inview uk-animation-fade\" data-id=\"page#20\" \/>\n<p>P\u00e4iv\u00e4n keitto, kaksi l\u00e4mmint\u00e4 ruokaa sek\u00e4 j\u00e4lkiruoka\u00a0ja kahvi<\/p>\n<\/div>\n<\/div>\n<p>&nbsp;<\/p>\n<hr \/>\n<p style=\"text-align: center;\"><strong>L<\/strong> = Laktoositon, <strong>VL = <\/strong>V\u00e4h\u00e4laktoosinen, <strong>M<\/strong> = Maidoton,<\/p>\n<p style=\"text-align: center;\"><strong>G<\/strong> = Gluteeniton,<strong>\u00a0 <\/strong><strong>G*<\/strong> = Pyydett\u00e4ess\u00e4 gluteeniton<\/p>\n<p>&nbsp;<\/p>\n<p style=\"text-align: center;\"><strong>Lounasbuffet 9,70 \u20ac<\/strong><\/p>\n<p style=\"text-align: center;\">Lounas noutop\u00f6yd\u00e4st\u00e4 sis\u00e4lt\u00e4\u00e4 keiton, kaksi l\u00e4mmint\u00e4 ruokaa, salaatit, leiv\u00e4t, ruokajuomat sek\u00e4 j\u00e4lkiruoan\u00a0ja kahvin.<\/p>\n<p style=\"text-align: center;\"><strong>Keittolounas 8,50 \u20ac<\/strong><br \/>\nKeittolounaaseen kuuluu keitto, salaatit, leiv\u00e4t, ruokajuomat sek\u00e4 j\u00e4lkiruoka\u00a0ja kahvi.<\/p>\n<p>&nbsp;<\/p>\n<p style=\"text-align: center;\">Kaikki maitopohjaiset tuotteet on valmistettu v\u00e4h\u00e4laktoosisista\/laktoosittomista raaka-aineista.<\/p>\n<p style=\"text-align: center;\"><strong>Lounaspassilla joka kymmenes lounas veloituksetta.<\/strong><\/p>\n<p>&nbsp;<\/p>\n<div class=\"uk-child-width-auto uk-grid-small uk-flex-bottom uk-grid\" style=\"text-align: center;\"><\/div>\n<div class=\"uk-child-width-auto uk-grid-small uk-flex-bottom uk-grid\" style=\"text-align: center;\">\n<div class=\"el-meta uk-text-primary\"><\/div>\n<\/div>\n\n<\/p><\/div>\n<p><!--more--><br \/>\n<!-- {\"name\":\"Home\",\"type\":\"layout\",\"children\":[{\"name\":\"Menu\",\"type\":\"section\",\"props\":{\"width\":\"default\",\"padding\":\"large\",\"style\":\"default\",\"padding_remove_top\":false,\"image_size\":\"cover\",\"image_position\":\"center-center\",\"image\":\"wp-content\\\/uploads\\\/Tausta.jpg\",\"image_fixed\":true,\"animation\":\"fade\",\"vertical_align\":\"middle\",\"title_position\":\"top-left\",\"title_rotation\":\"left\",\"title_breakpoint\":\"xl\",\"image_effect\":\"fixed\",\"image_height\":\"1920\"},\"children\":[{\"name\":\"\",\"type\":\"row\",\"children\":[{\"name\":\"\",\"type\":\"column\",\"props\":{\"image_position\":\"center-center\",\"style\":\"default\",\"padding\":\"large\",\"media_overlay_gradient\":\"\",\"width_medium\":\"1-1\"},\"children\":[{\"name\":\"\",\"type\":\"headline\",\"props\":{\"title_element\":\"h1\",\"content\":\"Lounas\",\"text_align\":\"center\",\"title_style\":\"h2\"}},{\"name\":\"\",\"type\":\"text\",\"props\":{\"column_breakpoint\":\"m\",\"margin\":\"large\",\"content\":\"\n\n<p>Maistuva lounas tarjoillaan noutop\\u00f6yd\\u00e4st\\u00e4 maanantaista-perjantaihin kello 10.30-14.15 ja lauantaisin kello 11.00-14.15.<\\\/p>\",\"text_align\":\"center\",\"maxwidth\":\"large\",\"margin_remove_top\":true,\"block_align\":\"center\"}},{\"name\":\"\",\"type\":\"html\",\"props\":{\"content\":\"[printfriendly][post-content id=221]\"}}]}]}]}],\"version\":\"2.5.1\"} --><\/p>\n","protected":false},"excerpt":{"rendered":"<p>Lounas Maistuva lounas tarjoillaan noutop\u00f6yd\u00e4st\u00e4 maanantaista-perjantaihin kello 10.30-14.15 ja lauantaisin kello 11.00-14.15.<\/p>\n","protected":false},"author":1,"featured_media":0,"parent":0,"menu_order":6,"comment_status":"closed","ping_status":"closed","template":"","meta":{"footnotes":""},"class_list":["post-28","page","type-page","status-publish","hentry"],"_links":{"self":[{"href":"https:\/\/viisari.cafe\/index.php?rest_route=\/wp\/v2\/pages\/28","targetHints":{"allow":["GET"]}}],"collection":[{"href":"https:\/\/viisari.cafe\/index.php?rest_route=\/wp\/v2\/pages"}],"about":[{"href":"https:\/\/viisari.cafe\/index.php?rest_route=\/wp\/v2\/types\/page"}],"author":[{"embeddable":true,"href":"https:\/\/viisari.cafe\/index.php?rest_route=\/wp\/v2\/users\/1"}],"replies":[{"embeddable":true,"href":"https:\/\/viisari.cafe\/index.php?rest_route=%2Fwp%2Fv2%2Fcomments&post=28"}],"version-history":[{"count":1,"href":"https:\/\/viisari.cafe\/index.php?rest_route=\/wp\/v2\/pages\/28\/revisions"}],"predecessor-version":[{"id":28347,"href":"https:\/\/viisari.cafe\/index.php?rest_route=\/wp\/v2\/pages\/28\/revisions\/28347"}],"wp:attachment":[{"href":"https:\/\/viisari.cafe\/index.php?rest_route=%2Fwp%2Fv2%2Fmedia&parent=28"}],"curies":[{"name":"wp","href":"https:\/\/api.w.org\/{rel}","templated":true}]}}