{"id":31,"date":"2016-09-13T13:16:53","date_gmt":"2016-09-13T13:16:53","guid":{"rendered":"http:\/\/viisari.cafe\/index.php\/contact-2\/"},"modified":"2019-04-03T10:03:15","modified_gmt":"2019-04-03T07:03:15","slug":"contact-2","status":"publish","type":"page","link":"https:\/\/viisari.cafe\/?page_id=31","title":{"rendered":"Yhteystiedot"},"content":{"rendered":"<h1>Caf\u00e9 Viisari<\/h1>\n<div>\n<p>T\u00e4h\u00e4n jotain teksti\u00e4<\/p>\n<\/div>\n<ul>\n<li>\n        <a href=\"mailto:info@cafeviisari.fi\">Ota yhteytt\u00e4<\/a>\n    <\/li>\n<li>\n        <a href=\"mailto:info@cafeviisari.fi\">Palaute<\/a>\n    <\/li>\n<\/ul>\n<h3><span class=\"uk-heading-divider\">Yhteystiedot<\/span><\/h3>\n<div>\n<p>Martinkyl\u00e4ntie 47<br \/>01720 Vantaa<\/p>\n<\/div>\n<ul>\n<li>\n<h3>Puhelin<\/h3>\n<div>\n<p><a class=\"uk-link-reset\" href=\"tel:044 0544 425\">044 0544 425<\/a><\/p>\n<\/div>\n<\/li>\n<li>\n<h3>S\u00e4hk\u00f6posti<\/h3>\n<div>\n<p><a href=\"mailto:info@cafeviisari.fi\">info@cafeviisari.fi<\/a><\/p>\n<\/div>\n<\/li>\n<\/ul>\n<h3><span class=\"uk-heading-divider\">Avoinna<\/span><\/h3>\n<ul>\n<li>\n<h3>ma-pe<\/h3>\n<div>\n<p>10-15.30<\/p>\n<\/div>\n<\/li>\n<li>\n<h3>la<\/h3>\n<div>\n<p>10-15.45<\/p>\n<\/div>\n<\/li>\n<li>\n<h3>Su<\/h3>\n<div>\n<p>suljettu<\/p>\n<\/div>\n<\/li>\n<\/ul>\n<div>\n<h3>Caf\u00e9 Viisari<\/h3>\n<div>\n<p>Martinkyl\u00e4ntie 47<br \/>01720 Vantaa<\/p>\n<p><a href=\"mailto:info@cafeviisari.fi\">info@cafeviisari.fi<\/a><br \/><a class=\"uk-link-reset\" href=\"tel:044 0544 425\">044 0544 425<\/a><\/p>\n<\/div>\n<p>60.2784,24.8211<\/p>\n<\/div>\n<p><!-- {\"name\":\"Services\",\"type\":\"layout\",\"children\":[{\"name\":\"Image\",\"type\":\"section\",\"props\":{\"width\":\"default\",\"padding\":\"large\",\"style\":\"default\",\"header_overlay\":\"\",\"animation\":\"\",\"height_viewport\":false,\"text_color\":\"light\",\"image_size\":\"cover\",\"preserve_color\":false,\"image_position\":\"center-center\",\"image\":\"wp-content\\\/uploads\\\/viisari1.jpg\",\"image_fixed\":true,\"css\":\".el-section > [class*='uk-background-'] { min-height: 40vh; }\",\"vertical_align\":\"middle\",\"title_position\":\"top-left\",\"title_rotation\":\"left\",\"title_breakpoint\":\"xl\",\"image_width\":\"2560\",\"image_effect\":\"fixed\"},\"children\":[{\"name\":\"\",\"type\":\"row\",\"props\":{\"layout\":\"1-1\",\"fixed_width\":\"large\",\"breakpoint\":\"m\"},\"children\":[{\"name\":\"\",\"type\":\"column\",\"props\":{\"widths\":[\"1-1\"],\"image_position\":\"center-center\",\"media_overlay_gradient\":\"\"}}]}]},{\"name\":\"Contact\",\"type\":\"section\",\"props\":{\"width\":\"default\",\"padding\":\"large\",\"style\":\"default\",\"header_overlay\":\"\",\"animation\":\"fade\",\"text_color\":\"\",\"media\":\"images\\\/demo\\\/demo-image_01.jpg\",\"image_size\":\"cover\",\"image_position\":\"center-center\",\"padding_remove_bottom\":false,\"vertical_align\":\"middle\",\"title_position\":\"top-left\",\"title_rotation\":\"left\",\"title_breakpoint\":\"xl\",\"image_effect\":\"\"},\"children\":[{\"name\":\"\",\"type\":\"row\",\"props\":{\"fixed_width\":\"large\",\"breakpoint\":\"m\",\"layout\":\"1-1\",\"margin\":\"\"},\"children\":[{\"name\":\"\",\"type\":\"column\",\"props\":{\"image_position\":\"center-center\",\"widths\":[\"1-1\"],\"media_overlay_gradient\":\"\"},\"children\":[{\"name\":\"\",\"type\":\"headline\",\"props\":{\"title_element\":\"h1\",\"content\":\"Caf\\u00e9 Viisari\",\"text_align\":\"left\",\"maxwidth\":\"xxlarge\"}},{\"name\":\"\",\"type\":\"divider\",\"props\":{\"divider_element\":\"div\",\"divider_style\":\"small\"}},{\"name\":\"\",\"type\":\"text\",\"props\":{\"column_breakpoint\":\"m\",\"margin\":\"medium\",\"content\":\"\n\n<p>T\\u00e4h\\u00e4n jotain teksti\\u00e4<\\\/p>\",\"maxwidth\":\"xlarge\",\"text_align\":\"left\",\"maxwidth_align\":\"\"}},{\"name\":\"\",\"type\":\"button\",\"props\":{\"gutter\":\"small\",\"margin\":\"default\",\"button_size\":\"\",\"text_align\":\"\",\"text_align_breakpoint\":\"\",\"text_align_fallback\":\"\",\"maxwidth\":\"\",\"maxwidth_align\":\"\",\"maxwidth_breakpoint\":\"\",\"animation\":\"\",\"visibility\":\"\"},\"children\":[{\"name\":\"\",\"type\":\"button_item\",\"props\":{\"button_style\":\"default\",\"icon_align\":\"left\",\"content\":\"Ota yhteytt\\u00e4\",\"link\":\"mailto:info@cafeviisari.fi\"}},{\"name\":\"\",\"type\":\"button_item\",\"props\":{\"button_style\":\"default\",\"icon_align\":\"left\",\"content\":\"Palaute\",\"link\":\"mailto:info@cafeviisari.fi\",\"link_target\":\"\"}}]}]}]},{\"name\":\"\",\"type\":\"row\",\"props\":{\"fixed_width\":\"large\",\"breakpoint\":\"m\",\"layout\":\",,\",\"width\":\"default\",\"gutter\":\"large\",\"margin\":\"xlarge\"},\"children\":[{\"name\":\"\",\"type\":\"column\",\"props\":{\"image_position\":\"center-center\",\"widths\":[\"\"],\"media_overlay_gradient\":\"\"},\"children\":[{\"name\":\"\",\"type\":\"headline\",\"props\":{\"title_element\":\"h3\",\"title_style\":\"h4\",\"content\":\"<span class=\\\"uk-heading-divider\\\">Yhteystiedot<\\\/span>\",\"margin_remove_bottom\":true,\"margin\":\"medium\",\"title_color\":\"\",\"title_decoration\":\"\"}},{\"name\":\"\",\"type\":\"text\",\"props\":{\"column_breakpoint\":\"m\",\"margin\":\"default\",\"content\":\"\n\n<p>Martinkyl\\u00e4ntie 47<br \\\/>01720 Vantaa<\\\/p>\",\"text_style\":\"\",\"text_align\":\"left\"}},{\"name\":\"\",\"type\":\"description_list\",\"props\":{\"show_link\":true,\"title_style\":\"\",\"list_size\":false,\"layout\":\"grid-2\",\"show_title\":true,\"show_meta\":true,\"show_content\":true,\"width\":\"small\",\"gutter\":\"small\",\"meta_style\":\"meta\",\"meta_align\":\"below-content\"},\"children\":[{\"name\":\"\",\"type\":\"description_list_item\",\"props\":{\"title\":\"Puhelin\",\"content\":\"\n\n<p><a class=\\\"uk-link-reset\\\" href=\\\"tel:044 0544 425\\\">044 0544 425<\\\/a><\\\/p>\"}},{\"name\":\"\",\"type\":\"description_list_item\",\"props\":{\"title\":\"S\\u00e4hk\\u00f6posti\",\"content\":\"\n\n<p><a href=\\\"mailto:info@cafeviisari.fi\\\">info@cafeviisari.fi<\\\/a><\\\/p>\",\"link\":\"\"}}]}]},{\"name\":\"\",\"type\":\"column\",\"props\":{\"image_position\":\"center-center\",\"widths\":[\"\"],\"media_overlay_gradient\":\"\"},\"children\":[{\"name\":\"\",\"type\":\"headline\",\"props\":{\"title_element\":\"h3\",\"title_style\":\"h4\",\"content\":\"<span class=\\\"uk-heading-divider\\\">Avoinna<\\\/span>\",\"margin\":\"medium\",\"margin_remove_bottom\":true,\"title_color\":\"\",\"title_decoration\":\"\"}},{\"name\":\"\",\"type\":\"description_list\",\"props\":{\"show_link\":true,\"layout\":\"grid-2\",\"show_title\":true,\"show_meta\":true,\"show_content\":true,\"width\":\"small\",\"gutter\":\"small\",\"meta_style\":\"meta\",\"meta_align\":\"below-content\"},\"children\":[{\"name\":\"\",\"type\":\"description_list_item\",\"props\":{\"title\":\"ma-pe\",\"content\":\"\n\n<p>10-15.30<\\\/p>\"}},{\"name\":\"\",\"type\":\"description_list_item\",\"props\":{\"title\":\"la\",\"content\":\"\n\n<p>10-15.45<\\\/p>\"}},{\"name\":\"\",\"type\":\"description_list_item\",\"props\":{\"title\":\"Su\",\"content\":\"\n\n<p>suljettu<\\\/p>\"}}]}]},{\"name\":\"\",\"type\":\"column\",\"props\":{\"image_position\":\"center-center\",\"widths\":[\"\"],\"media_overlay_gradient\":\"\"}}]}]},{\"name\":\"Map\",\"type\":\"section\",\"props\":{\"style\":\"default\",\"width\":\"\",\"image_position\":\"center-center\",\"padding\":\"none\",\"vertical_align\":\"middle\",\"title_position\":\"top-left\",\"title_rotation\":\"left\",\"title_breakpoint\":\"xl\",\"image_effect\":\"\",\"text_color\":\"\",\"width_expand\":\"\",\"height\":\"\",\"header_transparent\":\"\",\"animation\":\"\"},\"children\":[{\"name\":\"\",\"type\":\"row\",\"props\":{\"fixed_width\":\"large\",\"breakpoint\":\"m\",\"layout\":\"1-1\"},\"children\":[{\"name\":\"\",\"type\":\"column\",\"props\":{\"image_position\":\"center-center\",\"widths\":[\"1-1\"],\"media_overlay_gradient\":\"\"},\"children\":[{\"name\":\"\",\"type\":\"map\",\"props\":{\"type\":\"roadmap\",\"zoom\":\"17\",\"controls\":true,\"zooming\":false,\"dragging\":false,\"show_title\":true,\"styler_lightness\":\"90\",\"styler_saturation\":\"-100\",\"styler_gamma\":\"0.3\",\"height\":\"600\",\"maxwidth\":\"\",\"maxwidth_align\":\"\",\"maxwidth_breakpoint\":\"\",\"margin\":\"\",\"animation\":\"\",\"visibility\":\"\"},\"children\":[{\"name\":\"\",\"type\":\"map_marker\",\"props\":{\"location\":\"60.2784,24.8211\",\"title\":\"Caf\\u00e9 Viisari\",\"content\":\"\n\n<p>Martinkyl\\u00e4ntie 47<br \\\/>01720 Vantaa<\\\/p>\\n\n\n<p><a href=\\\"mailto:info@cafeviisari.fi\\\">info@cafeviisari.fi<\\\/a><br \\\/><a class=\\\"uk-link-reset\\\" href=\\\"tel:044 0544 425\\\">044 0544 425<\\\/a><\\\/p>\"}}]}]}]}]}],\"props\":[],\"version\":\"1.19.1\"} --><\/p>\n","protected":false},"excerpt":{"rendered":"<p>Caf\u00e9 Viisari T\u00e4h\u00e4n jotain teksti\u00e4 Ota yhteytt\u00e4 Palaute Yhteystiedot Martinkyl\u00e4ntie 4701720 Vantaa Puhelin 044 0544 425 S\u00e4hk\u00f6posti info@cafeviisari.fi Avoinna ma-pe 10-15.30 la 10-15.45 Su suljettu Caf\u00e9 Viisari Martinkyl\u00e4ntie 4701720 Vantaa info@cafeviisari.fi044 0544 425 60.2784,24.8211<\/p>\n","protected":false},"author":1,"featured_media":0,"parent":0,"menu_order":2,"comment_status":"closed","ping_status":"closed","template":"","meta":{"footnotes":""},"class_list":["post-31","page","type-page","status-publish","hentry"],"_links":{"self":[{"href":"https:\/\/viisari.cafe\/index.php?rest_route=\/wp\/v2\/pages\/31","targetHints":{"allow":["GET"]}}],"collection":[{"href":"https:\/\/viisari.cafe\/index.php?rest_route=\/wp\/v2\/pages"}],"about":[{"href":"https:\/\/viisari.cafe\/index.php?rest_route=\/wp\/v2\/types\/page"}],"author":[{"embeddable":true,"href":"https:\/\/viisari.cafe\/index.php?rest_route=\/wp\/v2\/users\/1"}],"replies":[{"embeddable":true,"href":"https:\/\/viisari.cafe\/index.php?rest_route=%2Fwp%2Fv2%2Fcomments&post=31"}],"version-history":[{"count":0,"href":"https:\/\/viisari.cafe\/index.php?rest_route=\/wp\/v2\/pages\/31\/revisions"}],"wp:attachment":[{"href":"https:\/\/viisari.cafe\/index.php?rest_route=%2Fwp%2Fv2%2Fmedia&parent=31"}],"curies":[{"name":"wp","href":"https:\/\/api.w.org\/{rel}","templated":true}]}}